{"id":1415,"date":"2023-06-13T11:37:09","date_gmt":"2023-06-13T09:37:09","guid":{"rendered":"https:\/\/centre-equestre-palis.fr\/?page_id=1415"},"modified":"2023-06-13T11:45:49","modified_gmt":"2023-06-13T09:45:49","slug":"formulaire-de-reservation","status":"publish","type":"page","link":"https:\/\/centre-equestre-palis.fr\/?page_id=1415","title":{"rendered":"Formulaire de r\u00e9servation"},"content":{"rendered":"\t\t<div data-elementor-type=\"wp-page\" data-elementor-id=\"1415\" class=\"elementor elementor-1415\" data-elementor-post-type=\"page\">\n\t\t\t\t\t\t<section class=\"elementor-section elementor-top-section elementor-element elementor-element-aa20421 elementor-section-content-middle elementor-section-boxed elementor-section-height-default elementor-section-height-default\" data-id=\"aa20421\" data-element_type=\"section\" data-e-type=\"section\">\n\t\t\t\t\t\t<div class=\"elementor-container elementor-column-gap-default\">\n\t\t\t\t\t<div class=\"elementor-column elementor-col-100 elementor-top-column elementor-element elementor-element-d42d746\" data-id=\"d42d746\" data-element_type=\"column\" data-e-type=\"column\">\n\t\t\t<div class=\"elementor-widget-wrap elementor-element-populated\">\n\t\t\t\t\t\t<div class=\"elementor-element elementor-element-ae5b122 elementor-widget elementor-widget-wpforms\" data-id=\"ae5b122\" data-element_type=\"widget\" data-e-type=\"widget\" data-widget_type=\"wpforms.default\">\n\t\t\t\t<div class=\"elementor-widget-container\">\n\t\t\t\t\t<div class=\"wpforms-container wpforms-container-full\" id=\"wpforms-270\"><form id=\"wpforms-form-270\" class=\"wpforms-validate wpforms-form wpforms-ajax-form\" data-formid=\"270\" method=\"post\" enctype=\"multipart\/form-data\" action=\"\/index.php?rest_route=%2Fwp%2Fv2%2Fpages%2F1415\" data-token=\"05dbf36b16aea67cde8fbe0bea90c253\" data-token-time=\"1777193411\"><noscript class=\"wpforms-error-noscript\">Veuillez activer JavaScript dans votre navigateur pour remplir ce formulaire.<\/noscript><div class=\"wpforms-field-container\"><div id=\"wpforms-270-field_1-container\" class=\"wpforms-field wpforms-field-name\" data-field-id=\"1\"><label class=\"wpforms-field-label\">Pr\u00e9nom et Nom <span class=\"wpforms-required-label\">*<\/span><\/label><div class=\"wpforms-field-row wpforms-field-medium\"><div class=\"wpforms-field-row-block wpforms-first wpforms-one-half\"><input type=\"text\" id=\"wpforms-270-field_1\" class=\"wpforms-field-name-first wpforms-field-required\" name=\"wpforms[fields][1][first]\" required><label for=\"wpforms-270-field_1\" class=\"wpforms-field-sublabel after\">Pr\u00e9nom<\/label><\/div><div class=\"wpforms-field-row-block wpforms-one-half\"><input type=\"text\" id=\"wpforms-270-field_1-last\" class=\"wpforms-field-name-last wpforms-field-required\" name=\"wpforms[fields][1][last]\" required><label for=\"wpforms-270-field_1-last\" class=\"wpforms-field-sublabel after\">Nom<\/label><\/div><\/div><\/div><div id=\"wpforms-270-field_2-container\" class=\"wpforms-field wpforms-field-number\" data-field-id=\"2\"><label class=\"wpforms-field-label\" for=\"wpforms-270-field_2\">Num\u00e9ro de t\u00e9l\u00e9phone <span class=\"wpforms-required-label\">*<\/span><\/label><input type=\"number\" id=\"wpforms-270-field_2\" class=\"wpforms-field-medium wpforms-field-required\" name=\"wpforms[fields][2]\" step=\"any\" required><\/div><div id=\"wpforms-270-field_3-container\" class=\"wpforms-field wpforms-field-email\" data-field-id=\"3\"><label class=\"wpforms-field-label\" for=\"wpforms-270-field_3\">E-mail <span class=\"wpforms-required-label\">*<\/span><\/label><input type=\"email\" id=\"wpforms-270-field_3\" class=\"wpforms-field-medium wpforms-field-required\" name=\"wpforms[fields][3]\" spellcheck=\"false\" required><\/div><div id=\"wpforms-270-field_6-container\" class=\"wpforms-field wpforms-field-select wpforms-field-select-style-classic\" data-field-id=\"6\"><label class=\"wpforms-field-label\" for=\"wpforms-270-field_6\">\u00c0 quel type d&#039;activit\u00e9 souhaitez-vous vous inscrire ? <span class=\"wpforms-required-label\">*<\/span><\/label><select id=\"wpforms-270-field_6\" class=\"wpforms-field-medium wpforms-field-required\" name=\"wpforms[fields][6]\" required=\"required\"><option value=\"Cours\"  class=\"choice-1 depth-1\"  >Cours<\/option><option value=\"Concours ou comp\u00e9tition\"  class=\"choice-2 depth-1\"  >Concours ou comp\u00e9tition<\/option><option value=\"Randonn\u00e9e ou promenade\"  class=\"choice-3 depth-1\"  >Randonn\u00e9e ou promenade<\/option><option value=\"Animation\"  class=\"choice-4 depth-1\"  >Animation<\/option><option value=\"Stage\"  class=\"choice-5 depth-1\"  >Stage<\/option><\/select><\/div><div id=\"wpforms-270-field_7-container\" class=\"wpforms-field wpforms-field-text\" data-field-id=\"7\"><label class=\"wpforms-field-label\" for=\"wpforms-270-field_7\">Renseignez le nom exact de l&#039;activit\u00e9 et ses dates\/horaires <span class=\"wpforms-required-label\">*<\/span><\/label><input type=\"text\" id=\"wpforms-270-field_7\" class=\"wpforms-field-medium wpforms-field-required\" name=\"wpforms[fields][7]\" required><div class=\"wpforms-field-description\">Par exemple : \"Cours pour d\u00e9butants, cr\u00e9neau du jeudi de 10h \u00e0 12h\" - \"Randonn\u00e9e dans les plaines du 00\/00\/23\" - \"Stage nomm\u00e9 XXX du 00\/00 au 00\/00\/23\"<\/div><\/div><div id=\"wpforms-270-field_4-container\" class=\"wpforms-field wpforms-field-textarea\" data-field-id=\"4\"><label class=\"wpforms-field-label\" for=\"wpforms-270-field_4\">Votre message <span class=\"wpforms-required-label\">*<\/span><\/label><textarea id=\"wpforms-270-field_4\" class=\"wpforms-field-medium wpforms-field-required\" name=\"wpforms[fields][4]\" required><\/textarea><\/div><\/div><!-- .wpforms-field-container --><div class=\"wpforms-submit-container\" ><input type=\"hidden\" name=\"wpforms[id]\" value=\"270\"><input type=\"hidden\" name=\"page_title\" value=\"\"><input type=\"hidden\" name=\"page_url\" value=\"https:\/\/centre-equestre-palis.fr\/index.php?rest_route=\/wp\/v2\/pages\/1415\"><input type=\"hidden\" name=\"url_referer\" value=\"\"><button type=\"submit\" name=\"wpforms[submit]\" id=\"wpforms-submit-270\" class=\"wpforms-submit\" data-alt-text=\"Envoi...\" data-submit-text=\"Envoyer\" aria-live=\"assertive\" value=\"wpforms-submit\">Envoyer<\/button><img decoding=\"async\" src=\"https:\/\/centre-equestre-palis.fr\/wp-content\/plugins\/wpforms-lite\/assets\/images\/submit-spin.svg\" class=\"wpforms-submit-spinner\" style=\"display: none;\" width=\"26\" height=\"26\" alt=\"Chargement en cours\"><\/div><\/form><\/div>  <!-- .wpforms-container -->\t\t\t\t<\/div>\n\t\t\t\t<\/div>\n\t\t\t\t\t<\/div>\n\t\t<\/div>\n\t\t\t\t\t<\/div>\n\t\t<\/section>\n\t\t\t\t<\/div>\n\t\t","protected":false},"excerpt":{"rendered":"","protected":false},"author":3,"featured_media":0,"parent":0,"menu_order":0,"comment_status":"closed","ping_status":"closed","template":"","meta":{"_monsterinsights_skip_tracking":false,"_monsterinsights_sitenote_active":false,"_monsterinsights_sitenote_note":"","_monsterinsights_sitenote_category":0,"footnotes":""},"class_list":["post-1415","page","type-page","status-publish","hentry"],"aioseo_notices":[],"_links":{"self":[{"href":"https:\/\/centre-equestre-palis.fr\/index.php?rest_route=\/wp\/v2\/pages\/1415","targetHints":{"allow":["GET"]}}],"collection":[{"href":"https:\/\/centre-equestre-palis.fr\/index.php?rest_route=\/wp\/v2\/pages"}],"about":[{"href":"https:\/\/centre-equestre-palis.fr\/index.php?rest_route=\/wp\/v2\/types\/page"}],"author":[{"embeddable":true,"href":"https:\/\/centre-equestre-palis.fr\/index.php?rest_route=\/wp\/v2\/users\/3"}],"replies":[{"embeddable":true,"href":"https:\/\/centre-equestre-palis.fr\/index.php?rest_route=%2Fwp%2Fv2%2Fcomments&post=1415"}],"version-history":[{"count":5,"href":"https:\/\/centre-equestre-palis.fr\/index.php?rest_route=\/wp\/v2\/pages\/1415\/revisions"}],"predecessor-version":[{"id":2730,"href":"https:\/\/centre-equestre-palis.fr\/index.php?rest_route=\/wp\/v2\/pages\/1415\/revisions\/2730"}],"wp:attachment":[{"href":"https:\/\/centre-equestre-palis.fr\/index.php?rest_route=%2Fwp%2Fv2%2Fmedia&parent=1415"}],"curies":[{"name":"wp","href":"https:\/\/api.w.org\/{rel}","templated":true}]}}