{"id":1308,"date":"2023-06-08T14:42:36","date_gmt":"2023-06-08T12:42:36","guid":{"rendered":"http:\/\/centre-equestre-palis.fr\/?page_id=1308"},"modified":"2023-09-12T13:36:38","modified_gmt":"2023-09-12T11:36:38","slug":"infos-pratiques","status":"publish","type":"page","link":"https:\/\/centre-equestre-palis.fr\/?page_id=1308","title":{"rendered":"Infos pratiques"},"content":{"rendered":"\t\t<div data-elementor-type=\"wp-page\" data-elementor-id=\"1308\" class=\"elementor elementor-1308\" data-elementor-post-type=\"page\">\n\t\t\t\t\t\t<section class=\"elementor-section elementor-top-section elementor-element elementor-element-33e76a9 elementor-section-full_width elementor-section-stretched elementor-hidden-tablet elementor-hidden-mobile elementor-section-height-default elementor-section-height-default\" data-id=\"33e76a9\" data-element_type=\"section\" data-e-type=\"section\" data-settings=\"{&quot;stretch_section&quot;:&quot;section-stretched&quot;,&quot;background_background&quot;:&quot;classic&quot;}\">\n\t\t\t\t\t\t<div class=\"elementor-container elementor-column-gap-no\">\n\t\t\t\t\t<div class=\"elementor-column elementor-col-33 elementor-top-column elementor-element elementor-element-f66eb59\" data-id=\"f66eb59\" data-element_type=\"column\" data-e-type=\"column\">\n\t\t\t<div class=\"elementor-widget-wrap elementor-element-populated\">\n\t\t\t\t\t\t<div class=\"elementor-element elementor-element-23b4658 animated-slow elementor-invisible elementor-widget elementor-widget-heading\" data-id=\"23b4658\" data-element_type=\"widget\" data-e-type=\"widget\" data-settings=\"{&quot;_animation&quot;:&quot;fadeInRight&quot;}\" data-widget_type=\"heading.default\">\n\t\t\t\t<div class=\"elementor-widget-container\">\n\t\t\t\t\t<h2 class=\"elementor-heading-title elementor-size-default\">Notre lieu d'accueil<\/h2>\t\t\t\t<\/div>\n\t\t\t\t<\/div>\n\t\t\t\t<div class=\"elementor-element elementor-element-23cad5e elementor-widget elementor-widget-text-editor\" data-id=\"23cad5e\" data-element_type=\"widget\" data-e-type=\"widget\" data-widget_type=\"text-editor.default\">\n\t\t\t\t<div class=\"elementor-widget-container\">\n\t\t\t\t\t\t\t\t\t<p><span style=\"font-weight: 400;\">Notre centre \u00e9questre se trouve dans un \u00e9crin de verdure, un espace reposant, plant\u00e9 de nombreux arbres aux essences multiples.<\/span><\/p><p><span style=\"font-weight: 400;\">Venir au Centre \u00e9questre Le Palis, c\u2019est trouver un club anim\u00e9 d\u2019une ambiance conviviale, chaleureuse et familiale.<\/span><\/p><p><span style=\"font-weight: 400;\">Venez vous installer autour d\u2019une table en fer forg\u00e9 ou dans le salon ext\u00e9rieur, profiter de l\u2019\u00e9t\u00e9 sous les brumisateurs.<\/span><\/p><p><span style=\"font-weight: 400;\">Cavaliers, parents, visiteurs\u2026 Tous se c\u00f4toient dans cet espace, qui est au centre des installations.<\/span><\/p><p><span style=\"font-weight: 400;\">Sont \u00e9galement \u00e0 disposition :\u00a0<\/span><\/p><ul><li style=\"font-weight: 400;\" aria-level=\"1\"><span style=\"font-weight: 400;\">le club house \u00e9quip\u00e9 d\u2019un coin repas<\/span><\/li><li style=\"font-weight: 400;\" aria-level=\"1\"><span style=\"font-weight: 400;\">un espace d\u2019eau \u00e9quip\u00e9 des WC et d\u2019un lavabo<\/span><\/li><\/ul>\t\t\t\t\t\t\t\t<\/div>\n\t\t\t\t<\/div>\n\t\t\t\t<div class=\"elementor-element elementor-element-35c0e8b elementor-widget elementor-widget-google_maps\" data-id=\"35c0e8b\" data-element_type=\"widget\" data-e-type=\"widget\" data-widget_type=\"google_maps.default\">\n\t\t\t\t<div class=\"elementor-widget-container\">\n\t\t\t\t\t\t\t<div class=\"elementor-custom-embed\">\n\t\t\t<iframe loading=\"lazy\"\n\t\t\t\t\tsrc=\"https:\/\/maps.google.com\/maps?q=Centre%20Equestre%20Poney-Club%20de%20Vaison%2C%20Rte%20du%20Palis%2C%2084110%20Vaison-la-Romaine&#038;t=m&#038;z=12&#038;output=embed&#038;iwloc=near\"\n\t\t\t\t\ttitle=\"Centre Equestre Poney-Club de Vaison, Rte du Palis, 84110 Vaison-la-Romaine\"\n\t\t\t\t\taria-label=\"Centre Equestre Poney-Club de Vaison, Rte du Palis, 84110 Vaison-la-Romaine\"\n\t\t\t><\/iframe>\n\t\t<\/div>\n\t\t\t\t\t\t<\/div>\n\t\t\t\t<\/div>\n\t\t\t\t\t<\/div>\n\t\t<\/div>\n\t\t\t\t<div class=\"elementor-column elementor-col-66 elementor-top-column elementor-element elementor-element-0363b9a\" data-id=\"0363b9a\" data-element_type=\"column\" data-e-type=\"column\">\n\t\t\t<div class=\"elementor-widget-wrap elementor-element-populated\">\n\t\t\t\t\t\t<div class=\"elementor-element elementor-element-410e31c elementor-widget__width-inherit elementor-widget elementor-widget-image\" data-id=\"410e31c\" data-element_type=\"widget\" data-e-type=\"widget\" data-widget_type=\"image.default\">\n\t\t\t\t<div class=\"elementor-widget-container\">\n\t\t\t\t\t\t\t\t\t\t\t\t\t\t\t<img fetchpriority=\"high\" decoding=\"async\" width=\"1280\" height=\"854\" src=\"https:\/\/centre-equestre-palis.fr\/wp-content\/uploads\/2023\/07\/Centre-equestre-Le-Palis.webp\" class=\"elementor-animation-hang attachment-full size-full wp-image-1801\" alt=\"\" srcset=\"https:\/\/centre-equestre-palis.fr\/wp-content\/uploads\/2023\/07\/Centre-equestre-Le-Palis.webp 1280w, https:\/\/centre-equestre-palis.fr\/wp-content\/uploads\/2023\/07\/Centre-equestre-Le-Palis-300x200.webp 300w, https:\/\/centre-equestre-palis.fr\/wp-content\/uploads\/2023\/07\/Centre-equestre-Le-Palis-1024x683.webp 1024w, https:\/\/centre-equestre-palis.fr\/wp-content\/uploads\/2023\/07\/Centre-equestre-Le-Palis-768x512.webp 768w\" sizes=\"(max-width: 1280px) 100vw, 1280px\" \/>\t\t\t\t\t\t\t\t\t\t\t\t\t\t\t<\/div>\n\t\t\t\t<\/div>\n\t\t\t\t\t<\/div>\n\t\t<\/div>\n\t\t\t\t\t<\/div>\n\t\t<\/section>\n\t\t\t\t<section class=\"elementor-section elementor-top-section elementor-element elementor-element-d02da1a elementor-section-full_width elementor-section-stretched elementor-hidden-desktop elementor-section-height-default elementor-section-height-default\" data-id=\"d02da1a\" data-element_type=\"section\" data-e-type=\"section\" data-settings=\"{&quot;stretch_section&quot;:&quot;section-stretched&quot;,&quot;background_background&quot;:&quot;classic&quot;}\">\n\t\t\t\t\t\t<div class=\"elementor-container elementor-column-gap-no\">\n\t\t\t\t\t<div class=\"elementor-column elementor-col-100 elementor-top-column elementor-element elementor-element-264b41c\" data-id=\"264b41c\" data-element_type=\"column\" data-e-type=\"column\">\n\t\t\t<div class=\"elementor-widget-wrap elementor-element-populated\">\n\t\t\t\t\t\t<div class=\"elementor-element elementor-element-a3936cf animated-slow elementor-invisible elementor-widget elementor-widget-heading\" data-id=\"a3936cf\" data-element_type=\"widget\" data-e-type=\"widget\" data-settings=\"{&quot;_animation&quot;:&quot;fadeInRight&quot;}\" data-widget_type=\"heading.default\">\n\t\t\t\t<div class=\"elementor-widget-container\">\n\t\t\t\t\t<h2 class=\"elementor-heading-title elementor-size-default\">Notre lieu d'accueil<\/h2>\t\t\t\t<\/div>\n\t\t\t\t<\/div>\n\t\t\t\t<div class=\"elementor-element elementor-element-26d9914 elementor-widget elementor-widget-text-editor\" data-id=\"26d9914\" data-element_type=\"widget\" data-e-type=\"widget\" data-widget_type=\"text-editor.default\">\n\t\t\t\t<div class=\"elementor-widget-container\">\n\t\t\t\t\t\t\t\t\t<p><span style=\"font-weight: 400;\">Notre centre \u00e9questre se trouve dans un \u00e9crin de verdure, un espace reposant, plant\u00e9 de nombreux arbres aux essences multiples.<\/span><\/p><p><span style=\"font-weight: 400;\">Venir au Centre \u00e9questre Le Palis, c\u2019est trouver un club anim\u00e9 d\u2019une ambiance conviviale, chaleureuse et familiale.<\/span><\/p><p><span style=\"font-weight: 400;\">Venez vous installer autour d\u2019une table en fer forg\u00e9 ou dans le salon ext\u00e9rieur, profiter de l\u2019\u00e9t\u00e9 sous les brumisateurs.<\/span><\/p><p><span style=\"font-weight: 400;\">Cavaliers, parents, visiteurs\u2026 Tous se c\u00f4toient dans cet espace, qui est au centre des installations.<\/span><\/p><p><span style=\"font-weight: 400;\">Sont \u00e9galement \u00e0 disposition :\u00a0<\/span><\/p><ul><li style=\"font-weight: 400;\" aria-level=\"1\"><span style=\"font-weight: 400;\">le club house \u00e9quip\u00e9 d\u2019un coin repas<\/span><\/li><li style=\"font-weight: 400;\" aria-level=\"1\"><span style=\"font-weight: 400;\">un espace d\u2019eau \u00e9quip\u00e9 des WC et d\u2019un lavabo<\/span><\/li><\/ul>\t\t\t\t\t\t\t\t<\/div>\n\t\t\t\t<\/div>\n\t\t\t\t<div class=\"elementor-element elementor-element-d02e7dd elementor-widget elementor-widget-image\" data-id=\"d02e7dd\" data-element_type=\"widget\" data-e-type=\"widget\" data-widget_type=\"image.default\">\n\t\t\t\t<div class=\"elementor-widget-container\">\n\t\t\t\t\t\t\t\t\t\t\t\t\t\t\t<img decoding=\"async\" width=\"800\" height=\"534\" src=\"https:\/\/centre-equestre-palis.fr\/wp-content\/uploads\/2023\/06\/Design-sans-titre-6-1024x683.jpg\" class=\"attachment-large size-large wp-image-1576\" alt=\"Equitation Centre \u00e9questre Le Palis Vaison-la-Romaine Vaucluse\" srcset=\"https:\/\/centre-equestre-palis.fr\/wp-content\/uploads\/2023\/06\/Design-sans-titre-6-1024x683.jpg 1024w, https:\/\/centre-equestre-palis.fr\/wp-content\/uploads\/2023\/06\/Design-sans-titre-6-300x200.jpg 300w, https:\/\/centre-equestre-palis.fr\/wp-content\/uploads\/2023\/06\/Design-sans-titre-6-768x512.jpg 768w, https:\/\/centre-equestre-palis.fr\/wp-content\/uploads\/2023\/06\/Design-sans-titre-6.jpg 1280w\" sizes=\"(max-width: 800px) 100vw, 800px\" \/>\t\t\t\t\t\t\t\t\t\t\t\t\t\t\t<\/div>\n\t\t\t\t<\/div>\n\t\t\t\t<div class=\"elementor-element elementor-element-d814387 elementor-widget elementor-widget-google_maps\" data-id=\"d814387\" data-element_type=\"widget\" data-e-type=\"widget\" data-widget_type=\"google_maps.default\">\n\t\t\t\t<div class=\"elementor-widget-container\">\n\t\t\t\t\t\t\t<div class=\"elementor-custom-embed\">\n\t\t\t<iframe loading=\"lazy\"\n\t\t\t\t\tsrc=\"https:\/\/maps.google.com\/maps?q=Centre%20Equestre%20Poney-Club%20de%20Vaison%2C%20Rte%20du%20Palis%2C%2084110%20Vaison-la-Romaine&#038;t=m&#038;z=12&#038;output=embed&#038;iwloc=near\"\n\t\t\t\t\ttitle=\"Centre Equestre Poney-Club de Vaison, Rte du Palis, 84110 Vaison-la-Romaine\"\n\t\t\t\t\taria-label=\"Centre Equestre Poney-Club de Vaison, Rte du Palis, 84110 Vaison-la-Romaine\"\n\t\t\t><\/iframe>\n\t\t<\/div>\n\t\t\t\t\t\t<\/div>\n\t\t\t\t<\/div>\n\t\t\t\t\t<\/div>\n\t\t<\/div>\n\t\t\t\t\t<\/div>\n\t\t<\/section>\n\t\t<div class=\"elementor-element elementor-element-88c7174 e-grid e-con-boxed e-con e-parent\" data-id=\"88c7174\" data-element_type=\"container\" data-e-type=\"container\">\n\t\t\t\t\t<div class=\"e-con-inner\">\n\t\t\t\t<div class=\"elementor-element elementor-element-7e8e9f0 elementor-widget elementor-widget-image\" data-id=\"7e8e9f0\" data-element_type=\"widget\" data-e-type=\"widget\" data-widget_type=\"image.default\">\n\t\t\t\t<div class=\"elementor-widget-container\">\n\t\t\t\t\t\t\t\t\t\t\t\t\t\t\t<img decoding=\"async\" width=\"150\" height=\"150\" src=\"https:\/\/centre-equestre-palis.fr\/wp-content\/uploads\/2023\/07\/Poney-Club-de-France-150x150.webp\" class=\"attachment-thumbnail size-thumbnail wp-image-2024\" alt=\"\" \/>\t\t\t\t\t\t\t\t\t\t\t\t\t\t\t<\/div>\n\t\t\t\t<\/div>\n\t\t\t\t<div class=\"elementor-element elementor-element-2022a19 elementor-widget elementor-widget-image\" data-id=\"2022a19\" data-element_type=\"widget\" data-e-type=\"widget\" data-widget_type=\"image.default\">\n\t\t\t\t<div class=\"elementor-widget-container\">\n\t\t\t\t\t\t\t\t\t\t\t\t\t\t\t<img loading=\"lazy\" decoding=\"async\" width=\"150\" height=\"150\" src=\"https:\/\/centre-equestre-palis.fr\/wp-content\/uploads\/2023\/07\/FFE-150x150.webp\" class=\"attachment-thumbnail size-thumbnail wp-image-2023\" alt=\"\" \/>\t\t\t\t\t\t\t\t\t\t\t\t\t\t\t<\/div>\n\t\t\t\t<\/div>\n\t\t\t\t<div class=\"elementor-element elementor-element-3ec4810 elementor-widget elementor-widget-image\" data-id=\"3ec4810\" data-element_type=\"widget\" data-e-type=\"widget\" data-widget_type=\"image.default\">\n\t\t\t\t<div class=\"elementor-widget-container\">\n\t\t\t\t\t\t\t\t\t\t\t\t\t\t\t<img loading=\"lazy\" decoding=\"async\" width=\"150\" height=\"150\" src=\"https:\/\/centre-equestre-palis.fr\/wp-content\/uploads\/2023\/07\/Cheval-Club-de-France-150x150.webp\" class=\"attachment-thumbnail size-thumbnail wp-image-2022\" alt=\"\" \/>\t\t\t\t\t\t\t\t\t\t\t\t\t\t\t<\/div>\n\t\t\t\t<\/div>\n\t\t\t\t\t<\/div>\n\t\t\t\t<\/div>\n\t\t<div class=\"elementor-element elementor-element-2174d35 e-grid e-con-boxed e-con e-parent\" data-id=\"2174d35\" data-element_type=\"container\" data-e-type=\"container\">\n\t\t\t\t\t<div class=\"e-con-inner\">\n\t\t\t\t<div class=\"elementor-element elementor-element-682a372 elementor-widget elementor-widget-heading\" data-id=\"682a372\" data-element_type=\"widget\" data-e-type=\"widget\" data-widget_type=\"heading.default\">\n\t\t\t\t<div class=\"elementor-widget-container\">\n\t\t\t\t\t<h2 class=\"elementor-heading-title elementor-size-default\">Nous sommes labellis\u00e9s Bien \u00catre Animal depuis 2022 !<br>Pourquoi et comment ?<\/h2>\t\t\t\t<\/div>\n\t\t\t\t<\/div>\n\t\t\t\t<div class=\"elementor-element elementor-element-9ffc254 elementor-widget elementor-widget-image\" data-id=\"9ffc254\" data-element_type=\"widget\" data-e-type=\"widget\" data-widget_type=\"image.default\">\n\t\t\t\t<div class=\"elementor-widget-container\">\n\t\t\t\t\t\t\t\t\t\t\t\t\t\t\t<img loading=\"lazy\" decoding=\"async\" width=\"150\" height=\"150\" src=\"https:\/\/centre-equestre-palis.fr\/wp-content\/uploads\/2023\/07\/Bien-etre-animal-copie-150x150.webp\" class=\"attachment-thumbnail size-thumbnail wp-image-2021\" alt=\"\" \/>\t\t\t\t\t\t\t\t\t\t\t\t\t\t\t<\/div>\n\t\t\t\t<\/div>\n\t\t\t\t<div class=\"elementor-element elementor-element-32c5bae elementor-widget elementor-widget-text-editor\" data-id=\"32c5bae\" data-element_type=\"widget\" data-e-type=\"widget\" data-widget_type=\"text-editor.default\">\n\t\t\t\t<div class=\"elementor-widget-container\">\n\t\t\t\t\t\t\t\t\t<p><strong>Gr\u00e2ce \u00e0 une \u00e9quipe de soigneurs d&rsquo;exception :<\/strong> v\u00e9t\u00e9rinaires, ost\u00e9opathes, dentistes et mar\u00e9chal-ferrants nous conseillent et nous accompagnent tr\u00e8s r\u00e9guli\u00e8rement.<\/p><p><strong>Gr\u00e2ce au choix de notre fourrage :<\/strong> nous alternons Foin des Hautes-Alpes et Foin de Crau labellis\u00e9 BIO.<\/p><p><strong>Gr\u00e2ce au nourrissage sans grain :<\/strong> permettant d&rsquo;\u00e9viter les ulc\u00e8res et respectant la physiologie du cheval qui se nourrit d&rsquo;herbe et de fourrage.<\/p><p><strong>Gr\u00e2ce \u00e0 l&rsquo;utilisation ponctuelle et raisonn\u00e9e des compl\u00e9ments alimentaires<\/strong>, et ce toujours en accord avec nos v\u00e9t\u00e9rinaires.<\/p><p><strong>Gr\u00e2ce \u00e0 la qualit\u00e9 de vie en ext\u00e9rieur : <\/strong>nos box et nos paddocks sont tous bien orient\u00e9s et ombrag\u00e9s.<\/p><p>Nous mettons l&rsquo;accent sur ce bien-\u00eatre animal dans nos cours et avec les propri\u00e9taires, afin qu&rsquo;ils aient conscience de l&rsquo;importance du respect de l&rsquo;animal, et soient capables de s&rsquo;occuper de leur compagnon avec attention et bienveillance.<\/p>\t\t\t\t\t\t\t\t<\/div>\n\t\t\t\t<\/div>\n\t\t\t\t\t<\/div>\n\t\t\t\t<\/div>\n\t\t\t\t<section class=\"elementor-section elementor-top-section elementor-element elementor-element-bb0b499 elementor-section-full_width elementor-section-stretched elementor-section-height-default elementor-section-height-default\" data-id=\"bb0b499\" data-element_type=\"section\" data-e-type=\"section\" data-settings=\"{&quot;stretch_section&quot;:&quot;section-stretched&quot;,&quot;background_background&quot;:&quot;classic&quot;}\">\n\t\t\t\t\t\t<div class=\"elementor-container elementor-column-gap-default\">\n\t\t\t\t\t<div class=\"elementor-column elementor-col-100 elementor-top-column elementor-element elementor-element-ee4572e\" data-id=\"ee4572e\" data-element_type=\"column\" data-e-type=\"column\">\n\t\t\t<div class=\"elementor-widget-wrap elementor-element-populated\">\n\t\t\t\t\t\t<div class=\"elementor-element elementor-element-f2270af animated-slow elementor-invisible elementor-widget elementor-widget-heading\" data-id=\"f2270af\" data-element_type=\"widget\" data-e-type=\"widget\" data-settings=\"{&quot;_animation&quot;:&quot;zoomIn&quot;}\" data-widget_type=\"heading.default\">\n\t\t\t\t<div class=\"elementor-widget-container\">\n\t\t\t\t\t<h2 class=\"elementor-heading-title elementor-size-default\">Nous vous accueillons toute l'ann\u00e9e pour pratiquer votre sport pr\u00e9f\u00e9r\u00e9.<\/h2>\t\t\t\t<\/div>\n\t\t\t\t<\/div>\n\t\t\t\t<section class=\"elementor-section elementor-inner-section elementor-element elementor-element-f85fcb9 elementor-section-boxed elementor-section-height-default elementor-section-height-default\" data-id=\"f85fcb9\" data-element_type=\"section\" data-e-type=\"section\">\n\t\t\t\t\t\t<div class=\"elementor-container elementor-column-gap-default\">\n\t\t\t\t\t<div class=\"elementor-column elementor-col-33 elementor-inner-column elementor-element elementor-element-0690ccd\" data-id=\"0690ccd\" data-element_type=\"column\" data-e-type=\"column\">\n\t\t\t<div class=\"elementor-widget-wrap elementor-element-populated\">\n\t\t\t\t\t\t<div class=\"elementor-element elementor-element-5557068 elementor-widget elementor-widget-image\" data-id=\"5557068\" data-element_type=\"widget\" data-e-type=\"widget\" data-widget_type=\"image.default\">\n\t\t\t\t<div class=\"elementor-widget-container\">\n\t\t\t\t\t\t\t\t\t\t\t\t\t\t\t<img loading=\"lazy\" decoding=\"async\" width=\"700\" height=\"500\" src=\"https:\/\/centre-equestre-palis.fr\/wp-content\/uploads\/2023\/06\/34.jpg\" class=\"elementor-animation-hang attachment-large size-large wp-image-1713\" alt=\"Carri\u00e8re d&#039;obstacle Centre \u00e9questre Le Palis Vaison-la-Romaine Vaucluse\" srcset=\"https:\/\/centre-equestre-palis.fr\/wp-content\/uploads\/2023\/06\/34.jpg 700w, https:\/\/centre-equestre-palis.fr\/wp-content\/uploads\/2023\/06\/34-300x214.jpg 300w\" sizes=\"(max-width: 700px) 100vw, 700px\" \/>\t\t\t\t\t\t\t\t\t\t\t\t\t\t\t<\/div>\n\t\t\t\t<\/div>\n\t\t\t\t<div class=\"elementor-element elementor-element-3b3f501 elementor-widget elementor-widget-text-editor\" data-id=\"3b3f501\" data-element_type=\"widget\" data-e-type=\"widget\" data-widget_type=\"text-editor.default\">\n\t\t\t\t<div class=\"elementor-widget-container\">\n\t\t\t\t\t\t\t\t\t<p><span style=\"font-weight: 400;\">1 man\u00e8ge couvert (30X15) \u00e9clair\u00e9 &#8211; arros\u00e9<\/span><\/p><p><span style=\"font-weight: 400;\">1 carri\u00e8re de dressage (60X20) \u00e9clair\u00e9 &#8211; arros\u00e9<\/span><\/p><p><span style=\"font-weight: 400;\">1 carri\u00e8re CSO (70X40) \u00e9clair\u00e9 &#8211; arros\u00e9<\/span><\/p><p><span style=\"font-weight: 400;\">1 cross (environ 1 hectare)<\/span><\/p><p><span style=\"font-weight: 400;\">1 piste de galop<\/span><\/p>\t\t\t\t\t\t\t\t<\/div>\n\t\t\t\t<\/div>\n\t\t\t\t\t<\/div>\n\t\t<\/div>\n\t\t\t\t<div class=\"elementor-column elementor-col-33 elementor-inner-column elementor-element elementor-element-07a663d\" data-id=\"07a663d\" data-element_type=\"column\" data-e-type=\"column\">\n\t\t\t<div class=\"elementor-widget-wrap elementor-element-populated\">\n\t\t\t\t\t\t<div class=\"elementor-element elementor-element-4b54277 elementor-widget elementor-widget-image\" data-id=\"4b54277\" data-element_type=\"widget\" data-e-type=\"widget\" data-widget_type=\"image.default\">\n\t\t\t\t<div class=\"elementor-widget-container\">\n\t\t\t\t\t\t\t\t\t\t\t\t\t\t\t<img loading=\"lazy\" decoding=\"async\" width=\"700\" height=\"500\" src=\"https:\/\/centre-equestre-palis.fr\/wp-content\/uploads\/2023\/07\/Carriere-dressage.webp\" class=\"elementor-animation-hang attachment-large size-large wp-image-1805\" alt=\"Carri\u00e8re dressage Centre \u00e9questre Le Palis Vaucluse\" srcset=\"https:\/\/centre-equestre-palis.fr\/wp-content\/uploads\/2023\/07\/Carriere-dressage.webp 700w, https:\/\/centre-equestre-palis.fr\/wp-content\/uploads\/2023\/07\/Carriere-dressage-300x214.webp 300w\" sizes=\"(max-width: 700px) 100vw, 700px\" \/>\t\t\t\t\t\t\t\t\t\t\t\t\t\t\t<\/div>\n\t\t\t\t<\/div>\n\t\t\t\t<div class=\"elementor-element elementor-element-c6c354b elementor-widget elementor-widget-text-editor\" data-id=\"c6c354b\" data-element_type=\"widget\" data-e-type=\"widget\" data-widget_type=\"text-editor.default\">\n\t\t\t\t<div class=\"elementor-widget-container\">\n\t\t\t\t\t\t\t\t\t<p><span style=\"font-weight: 400;\">18 paddocks avec abris, abreuvoirs et ombre (propri\u00e9taires et club)<\/span><\/p><p><span style=\"font-weight: 400;\">1 grand paddock avec abris, abreuvoirs et ombre pour 10 chevaux en troupeau<\/span><\/p><p><span style=\"font-weight: 400;\">1 grand paddock avec abris, abreuvoirs et ombre pour 10 poneys<\/span><\/p><p><span style=\"font-weight: 400;\">1 paddock avec abris, abreuvoirs et ombre pour 5 poneys<\/span><\/p><p><span style=\"font-weight: 400;\">3 paddocks avec abreuvoirs<\/span><\/p><p><span style=\"font-weight: 400;\">4 box<\/span><\/p>\t\t\t\t\t\t\t\t<\/div>\n\t\t\t\t<\/div>\n\t\t\t\t\t<\/div>\n\t\t<\/div>\n\t\t\t\t<div class=\"elementor-column elementor-col-33 elementor-inner-column elementor-element elementor-element-8ce1872\" data-id=\"8ce1872\" data-element_type=\"column\" data-e-type=\"column\">\n\t\t\t<div class=\"elementor-widget-wrap elementor-element-populated\">\n\t\t\t\t\t\t<div class=\"elementor-element elementor-element-cd8a2b6 elementor-widget elementor-widget-image\" data-id=\"cd8a2b6\" data-element_type=\"widget\" data-e-type=\"widget\" data-widget_type=\"image.default\">\n\t\t\t\t<div class=\"elementor-widget-container\">\n\t\t\t\t\t\t\t\t\t\t\t\t\t\t\t<img loading=\"lazy\" decoding=\"async\" width=\"800\" height=\"534\" src=\"https:\/\/centre-equestre-palis.fr\/wp-content\/uploads\/2023\/09\/IMG_2316-1024x683.jpg\" class=\"elementor-animation-hang attachment-large size-large wp-image-2787\" alt=\"\" srcset=\"https:\/\/centre-equestre-palis.fr\/wp-content\/uploads\/2023\/09\/IMG_2316-1024x683.jpg 1024w, https:\/\/centre-equestre-palis.fr\/wp-content\/uploads\/2023\/09\/IMG_2316-300x200.jpg 300w, https:\/\/centre-equestre-palis.fr\/wp-content\/uploads\/2023\/09\/IMG_2316-768x512.jpg 768w, https:\/\/centre-equestre-palis.fr\/wp-content\/uploads\/2023\/09\/IMG_2316-1536x1024.jpg 1536w, https:\/\/centre-equestre-palis.fr\/wp-content\/uploads\/2023\/09\/IMG_2316-2048x1366.jpg 2048w\" sizes=\"(max-width: 800px) 100vw, 800px\" \/>\t\t\t\t\t\t\t\t\t\t\t\t\t\t\t<\/div>\n\t\t\t\t<\/div>\n\t\t\t\t<div class=\"elementor-element elementor-element-e5e4b6b elementor-widget elementor-widget-text-editor\" data-id=\"e5e4b6b\" data-element_type=\"widget\" data-e-type=\"widget\" data-widget_type=\"text-editor.default\">\n\t\t\t\t<div class=\"elementor-widget-container\">\n\t\t\t\t\t\t\t\t\t<p><span style=\"font-weight: 400;\">3 aires de pansage couvertes disctintes (chevaux club &#8211; poneys club &#8211; propri\u00e9taires)<\/span><\/p><p><span style=\"font-weight: 400;\">2 aires de pansage ext\u00e9rieures (poneys &#8211; chevaux)<\/span><\/p><p><span style=\"font-weight: 400;\">2 selleries club (poneys + chevaux)<\/span><\/p><p><span style=\"font-weight: 400;\">18 casiers sellerie individuels \u00e9quip\u00e9s<\/span><\/p>\t\t\t\t\t\t\t\t<\/div>\n\t\t\t\t<\/div>\n\t\t\t\t\t<\/div>\n\t\t<\/div>\n\t\t\t\t\t<\/div>\n\t\t<\/section>\n\t\t\t\t\t<\/div>\n\t\t<\/div>\n\t\t\t\t\t<\/div>\n\t\t<\/section>\n\t\t\t\t<\/div>\n\t\t","protected":false},"excerpt":{"rendered":"<p>Notre lieu d&rsquo;accueil Notre centre \u00e9questre se trouve dans un \u00e9crin de verdure, un espace reposant, plant\u00e9 de nombreux arbres aux essences multiples. Venir au Centre \u00e9questre Le Palis, c\u2019est trouver un club anim\u00e9 d\u2019une ambiance conviviale, chaleureuse et familiale. Venez vous installer autour d\u2019une table en fer forg\u00e9 ou dans le salon ext\u00e9rieur, profiter [&hellip;]<\/p>\n","protected":false},"author":3,"featured_media":0,"parent":0,"menu_order":0,"comment_status":"closed","ping_status":"closed","template":"","meta":{"_monsterinsights_skip_tracking":false,"_monsterinsights_sitenote_active":false,"_monsterinsights_sitenote_note":"","_monsterinsights_sitenote_category":0,"footnotes":""},"class_list":["post-1308","page","type-page","status-publish","hentry"],"aioseo_notices":[],"_links":{"self":[{"href":"https:\/\/centre-equestre-palis.fr\/index.php?rest_route=\/wp\/v2\/pages\/1308","targetHints":{"allow":["GET"]}}],"collection":[{"href":"https:\/\/centre-equestre-palis.fr\/index.php?rest_route=\/wp\/v2\/pages"}],"about":[{"href":"https:\/\/centre-equestre-palis.fr\/index.php?rest_route=\/wp\/v2\/types\/page"}],"author":[{"embeddable":true,"href":"https:\/\/centre-equestre-palis.fr\/index.php?rest_route=\/wp\/v2\/users\/3"}],"replies":[{"embeddable":true,"href":"https:\/\/centre-equestre-palis.fr\/index.php?rest_route=%2Fwp%2Fv2%2Fcomments&post=1308"}],"version-history":[{"count":155,"href":"https:\/\/centre-equestre-palis.fr\/index.php?rest_route=\/wp\/v2\/pages\/1308\/revisions"}],"predecessor-version":[{"id":2791,"href":"https:\/\/centre-equestre-palis.fr\/index.php?rest_route=\/wp\/v2\/pages\/1308\/revisions\/2791"}],"wp:attachment":[{"href":"https:\/\/centre-equestre-palis.fr\/index.php?rest_route=%2Fwp%2Fv2%2Fmedia&parent=1308"}],"curies":[{"name":"wp","href":"https:\/\/api.w.org\/{rel}","templated":true}]}}