{"id":1303,"date":"2023-06-08T14:13:03","date_gmt":"2023-06-08T12:13:03","guid":{"rendered":"http:\/\/centre-equestre-palis.fr\/?page_id=1303"},"modified":"2023-06-13T11:21:19","modified_gmt":"2023-06-13T09:21:19","slug":"mentions-legales","status":"publish","type":"page","link":"https:\/\/centre-equestre-palis.fr\/?page_id=1303","title":{"rendered":"Mentions L\u00e9gales"},"content":{"rendered":"\n<h2 class=\"wp-block-heading\">Informations l\u00e9gales<\/h2>\n\n\n\n<p>Centre \u00e9questre de Vaison Le Palis<br>Route du Palis<br>84110 Vaison la Romaine<br>N\u00b0\u00a0Siret\u00a0: 90022068200018<br>Soci\u00e9t\u00e9 individuelle<br>T\u00e9l\u00a0: 04 90 36 25 82<br>Email\u00a0:\u00a0contact@centre-equestre-palis.fr<br>Responsable publication\u00a0: Claire PELLISSIER<\/p>\n\n\n\n<h3 class=\"wp-block-heading\">Conception, maintenance et h\u00e9bergement<\/h3>\n\n\n\n<p>Luciole Communication &amp; Hostinger<br>BP3 Route d&rsquo;Arzeliers &#8211; 05300 Laragne<br>Tel&nbsp;: +33 (0)7-70-45-58-18<\/p>\n\n\n\n<h3 class=\"wp-block-heading\">Information sur le service de mesure d\u2019audience&nbsp;et cookies<\/h3>\n\n\n\n<p>Une mesure d\u2019audience est r\u00e9alis\u00e9e gr\u00e2ce aux solutions Google Analytics afin d\u2019estimer le nombre de visites et les pages les plus consult\u00e9es. Si vous ne souhaitez pas \u00eatre audit\u00e9, vous pouvez vous reporter aux&nbsp;<a href=\"https:\/\/www.google.com\/analytics\/learn\/privacy.html\">r\u00e8gles de confidentialit\u00e9<\/a>.<\/p>\n\n\n\n<p>Des cookies de gestion de sessions essentiels au fonctionnement du site sont \u00e9galement utilis\u00e9s et ne servent qu\u2019\u00e0 cette fin.&nbsp;<\/p>\n\n\n\n<h3 class=\"wp-block-heading\">Traitement des donn\u00e9es personnelles<\/h3>\n\n\n\n<p>Centre \u00e9questre de Vaison Le Palis recuille uniquement les donn\u00e9es essentielles \u00e0 l\u2019acc\u00e8s au prestations propos\u00e9es tel que r\u00e9glement\u00e9 dans le cadre de la pratique de l\u2019\u00e9quitation (nom, age, licence, niveau de pratique equestre,tuteur pour les mineurs,&#8230;) ainsi que les donn\u00e9es essentiels au traitement des commandes et \u00e0 la gestion commerciale.<\/p>\n\n\n\n<p>En aucun cas les donn\u00e9es ne seront vendues ou exploit\u00e9es par des tiers dans un quelconque cadre commercial.<\/p>\n\n\n\n<p>Centre \u00e9questre de Vaison Le Palis est le seul \u00e0 avoir acc\u00e8s aux donn\u00e9es enregistr\u00e9es dans le cadre de son activit\u00e9 commerciale. Le concepteur et h\u00e9bergeur a \u00e9galement acc\u00e9s aux donn\u00e9es sauvegard\u00e9es exclusivement dans le cadre de son activit\u00e9 de maintenance et de support.<\/p>\n\n\n\n<h3 class=\"wp-block-heading\">Droit d\u2019acc\u00e8s, de rectification et d\u2019opposition<\/h3>\n\n\n\n<p>Conform\u00e9ment \u00e0 la r\u00e9glementation europ\u00e9enne en vigueur, les Utilisateurs inscrits disposent d\u2019un droit d\u2019acc\u00e8s, de rectification et de suppression des donn\u00e9es les concernants. Il peuvent exercer leurs droit&nbsp;;<\/p>\n\n\n\n<ul class=\"wp-block-list\">\n<li>en envoyant un courriel\u00a0:\u00a0contact@centre-equestre-palis.fr<\/li>\n\n\n\n<li>en envoyant un courrier \u00e0&nbsp;: Centre \u00e9questre de Vaison Le Palis Route du Palis, 84110 Vaison la Romaine.<\/li>\n<\/ul>\n\n\n\n<h3 class=\"wp-block-heading\">Reproduction et liens hypertextes<\/h3>\n\n\n\n<p>Les textes publi\u00e9s dans les articles sont la propri\u00e9t\u00e9 de Centre \u00e9questre de Vaison Le Palis. Il est interdit d\u2019exploiter tout ou partie de ces textes sans son accord pr\u00e9alable.<\/p>\n\n\n\n<p>Tout site public ou priv\u00e9 est autoris\u00e9 \u00e0 \u00e9tablir, sans autorisation pr\u00e9alable, un lien vers les informations diffus\u00e9es par ce site.<\/p>\n","protected":false},"excerpt":{"rendered":"<p>Informations l\u00e9gales Centre \u00e9questre de Vaison Le PalisRoute du Palis84110 Vaison la RomaineN\u00b0\u00a0Siret\u00a0: 90022068200018Soci\u00e9t\u00e9 individuelleT\u00e9l\u00a0: 04 90 36 25 82Email\u00a0:\u00a0contact@centre-equestre-palis.frResponsable publication\u00a0: Claire PELLISSIER Conception, maintenance et h\u00e9bergement Luciole Communication &amp; HostingerBP3 Route d&rsquo;Arzeliers &#8211; 05300 LaragneTel&nbsp;: +33 (0)7-70-45-58-18 Information sur le service de mesure d\u2019audience&nbsp;et cookies Une mesure d\u2019audience est r\u00e9alis\u00e9e gr\u00e2ce aux solutions Google [&hellip;]<\/p>\n","protected":false},"author":3,"featured_media":0,"parent":0,"menu_order":0,"comment_status":"closed","ping_status":"closed","template":"","meta":{"_monsterinsights_skip_tracking":false,"_monsterinsights_sitenote_active":false,"_monsterinsights_sitenote_note":"","_monsterinsights_sitenote_category":0,"footnotes":""},"class_list":["post-1303","page","type-page","status-publish","hentry"],"aioseo_notices":[],"_links":{"self":[{"href":"https:\/\/centre-equestre-palis.fr\/index.php?rest_route=\/wp\/v2\/pages\/1303","targetHints":{"allow":["GET"]}}],"collection":[{"href":"https:\/\/centre-equestre-palis.fr\/index.php?rest_route=\/wp\/v2\/pages"}],"about":[{"href":"https:\/\/centre-equestre-palis.fr\/index.php?rest_route=\/wp\/v2\/types\/page"}],"author":[{"embeddable":true,"href":"https:\/\/centre-equestre-palis.fr\/index.php?rest_route=\/wp\/v2\/users\/3"}],"replies":[{"embeddable":true,"href":"https:\/\/centre-equestre-palis.fr\/index.php?rest_route=%2Fwp%2Fv2%2Fcomments&post=1303"}],"version-history":[{"count":3,"href":"https:\/\/centre-equestre-palis.fr\/index.php?rest_route=\/wp\/v2\/pages\/1303\/revisions"}],"predecessor-version":[{"id":1410,"href":"https:\/\/centre-equestre-palis.fr\/index.php?rest_route=\/wp\/v2\/pages\/1303\/revisions\/1410"}],"wp:attachment":[{"href":"https:\/\/centre-equestre-palis.fr\/index.php?rest_route=%2Fwp%2Fv2%2Fmedia&parent=1303"}],"curies":[{"name":"wp","href":"https:\/\/api.w.org\/{rel}","templated":true}]}}